{"id":1013,"date":"2022-06-30T23:01:20","date_gmt":"2022-07-01T03:01:20","guid":{"rendered":"https:\/\/sogemec.impulsionmedia.com\/carrieres\/"},"modified":"2022-08-28T12:03:16","modified_gmt":"2022-08-28T16:03:16","slug":"careers","status":"publish","type":"page","link":"https:\/\/dev.sogemec.com\/en\/careers\/","title":{"rendered":"Careers"},"content":{"rendered":"<div data-post-id=\"1337\" class=\"insert-page insert-page-1337 \"><h2 class=\"gradient\">Join our team!<\/h2>\n<p>Sogemec Assurances is a subsidiary of F\u00e9d\u00e9ration des m\u00e9decins sp\u00e9cialistes du Qu\u00e9bec with Corporation de service des notaires du Qu\u00e9bec as a shareholder. We are a financial services firm specializing in the promotion and management of group insurance plans with several professional associations in Quebec.<\/p>\n<p>Would you like to join a dynamic organization offering competitive compensation? Send us your CV to get to know us better. If we do not have an open position, your CV will be kept in our candidate database and treated confidentially.<\/p>\n<p>Send your resume to:&nbsp;<a href=\"mailto:rh@sogemec.com\">rh@sogemec.com<\/a>.<\/p>\n<\/div>\n","protected":false},"excerpt":{"rendered":"","protected":false},"author":1,"featured_media":0,"parent":0,"menu_order":0,"comment_status":"closed","ping_status":"closed","template":"","meta":{"_acf_changed":false,"footnotes":""},"acf":[],"yoast_head":"<!-- This site is optimized with the Yoast SEO plugin v22.5 - https:\/\/yoast.com\/wordpress\/plugins\/seo\/ -->\n<title>Careers - Sogemec Assurances<\/title>\n<meta name=\"robots\" content=\"noindex, follow, max-snippet:-1, max-image-preview:large, max-video-preview:-1\" \/>\n<meta property=\"og:locale\" content=\"en_US\" \/>\n<meta property=\"og:type\" content=\"article\" \/>\n<meta property=\"og:title\" content=\"Careers - Sogemec Assurances\" \/>\n<meta property=\"og:url\" content=\"https:\/\/dev.sogemec.com\/en\/careers\/\" \/>\n<meta property=\"og:site_name\" content=\"Sogemec Assurances\" \/>\n<meta property=\"article:modified_time\" content=\"2022-08-28T16:03:16+00:00\" \/>\n<meta name=\"twitter:card\" content=\"summary_large_image\" \/>\n<script type=\"application\/ld+json\" class=\"yoast-schema-graph\">{\"@context\":\"https:\/\/schema.org\",\"@graph\":[{\"@type\":\"WebPage\",\"@id\":\"https:\/\/dev.sogemec.com\/en\/careers\/\",\"url\":\"https:\/\/dev.sogemec.com\/en\/careers\/\",\"name\":\"Careers - Sogemec Assurances\",\"isPartOf\":{\"@id\":\"https:\/\/dev.sogemec.com\/en\/#website\"},\"datePublished\":\"2022-07-01T03:01:20+00:00\",\"dateModified\":\"2022-08-28T16:03:16+00:00\",\"breadcrumb\":{\"@id\":\"https:\/\/dev.sogemec.com\/en\/careers\/#breadcrumb\"},\"inLanguage\":\"en-US\",\"potentialAction\":[{\"@type\":\"ReadAction\",\"target\":[\"https:\/\/dev.sogemec.com\/en\/careers\/\"]}]},{\"@type\":\"BreadcrumbList\",\"@id\":\"https:\/\/dev.sogemec.com\/en\/careers\/#breadcrumb\",\"itemListElement\":[{\"@type\":\"ListItem\",\"position\":1,\"name\":\"Accueil\",\"item\":\"https:\/\/dev.sogemec.com\/en\/\"},{\"@type\":\"ListItem\",\"position\":2,\"name\":\"Careers\"}]},{\"@type\":\"WebSite\",\"@id\":\"https:\/\/dev.sogemec.com\/en\/#website\",\"url\":\"https:\/\/dev.sogemec.com\/en\/\",\"name\":\"Sogemec Assurances\",\"description\":\"Assurances\",\"potentialAction\":[{\"@type\":\"SearchAction\",\"target\":{\"@type\":\"EntryPoint\",\"urlTemplate\":\"https:\/\/dev.sogemec.com\/en\/?s={search_term_string}\"},\"query-input\":\"required name=search_term_string\"}],\"inLanguage\":\"en-US\"}]}<\/script>\n<!-- \/ Yoast SEO plugin. -->","yoast_head_json":{"title":"Careers - Sogemec Assurances","robots":{"index":"noindex","follow":"follow","max-snippet":"max-snippet:-1","max-image-preview":"max-image-preview:large","max-video-preview":"max-video-preview:-1"},"og_locale":"en_US","og_type":"article","og_title":"Careers - Sogemec Assurances","og_url":"https:\/\/dev.sogemec.com\/en\/careers\/","og_site_name":"Sogemec Assurances","article_modified_time":"2022-08-28T16:03:16+00:00","twitter_card":"summary_large_image","schema":{"@context":"https:\/\/schema.org","@graph":[{"@type":"WebPage","@id":"https:\/\/dev.sogemec.com\/en\/careers\/","url":"https:\/\/dev.sogemec.com\/en\/careers\/","name":"Careers - Sogemec Assurances","isPartOf":{"@id":"https:\/\/dev.sogemec.com\/en\/#website"},"datePublished":"2022-07-01T03:01:20+00:00","dateModified":"2022-08-28T16:03:16+00:00","breadcrumb":{"@id":"https:\/\/dev.sogemec.com\/en\/careers\/#breadcrumb"},"inLanguage":"en-US","potentialAction":[{"@type":"ReadAction","target":["https:\/\/dev.sogemec.com\/en\/careers\/"]}]},{"@type":"BreadcrumbList","@id":"https:\/\/dev.sogemec.com\/en\/careers\/#breadcrumb","itemListElement":[{"@type":"ListItem","position":1,"name":"Accueil","item":"https:\/\/dev.sogemec.com\/en\/"},{"@type":"ListItem","position":2,"name":"Careers"}]},{"@type":"WebSite","@id":"https:\/\/dev.sogemec.com\/en\/#website","url":"https:\/\/dev.sogemec.com\/en\/","name":"Sogemec Assurances","description":"Assurances","potentialAction":[{"@type":"SearchAction","target":{"@type":"EntryPoint","urlTemplate":"https:\/\/dev.sogemec.com\/en\/?s={search_term_string}"},"query-input":"required name=search_term_string"}],"inLanguage":"en-US"}]}},"_links":{"self":[{"href":"https:\/\/dev.sogemec.com\/en\/wp-json\/wp\/v2\/pages\/1013"}],"collection":[{"href":"https:\/\/dev.sogemec.com\/en\/wp-json\/wp\/v2\/pages"}],"about":[{"href":"https:\/\/dev.sogemec.com\/en\/wp-json\/wp\/v2\/types\/page"}],"author":[{"embeddable":true,"href":"https:\/\/dev.sogemec.com\/en\/wp-json\/wp\/v2\/users\/1"}],"replies":[{"embeddable":true,"href":"https:\/\/dev.sogemec.com\/en\/wp-json\/wp\/v2\/comments?post=1013"}],"version-history":[{"count":2,"href":"https:\/\/dev.sogemec.com\/en\/wp-json\/wp\/v2\/pages\/1013\/revisions"}],"predecessor-version":[{"id":1416,"href":"https:\/\/dev.sogemec.com\/en\/wp-json\/wp\/v2\/pages\/1013\/revisions\/1416"}],"wp:attachment":[{"href":"https:\/\/dev.sogemec.com\/en\/wp-json\/wp\/v2\/media?parent=1013"}],"curies":[{"name":"wp","href":"https:\/\/api.w.org\/{rel}","templated":true}]}}