{"id":1016,"date":"2022-06-30T23:01:56","date_gmt":"2022-07-01T03:01:56","guid":{"rendered":"https:\/\/sogemec.impulsionmedia.com\/partenaires\/"},"modified":"2022-08-28T12:04:00","modified_gmt":"2022-08-28T16:04:00","slug":"partners","status":"publish","type":"page","link":"https:\/\/dev.sogemec.com\/en\/partners\/","title":{"rendered":"Partners"},"content":{"rendered":"<div data-post-id=\"1336\" class=\"insert-page insert-page-1336 \"><h2 class=\"gradient\">Respected partners, a trusted reference<\/h2>\n<p>Sogemec Assurances is proud to have acquired the trust of many professional associations over the years. The negotiating power held by our unique network in Quebec allows us to design, negotiate and offer superior products and expert services.<\/p>\n<h3><strong>Shareholders<\/strong><\/h3>\n<p><strong><a href=\"http:\/\/www.fmsq.org\/en\">F\u00e9d\u00e9ration des m\u00e9decins sp\u00e9cialistes du Qu\u00e9bec<\/a><\/strong> (FMSQ), since 1978<\/p>\n<p><a href=\"https:\/\/www.fprofessionnels.com\/\"><strong>Corporation de service des notaires du Qu\u00e9bec<\/strong><\/a> (CSNQ), since 1992<\/p>\n<h3><strong>Partners<\/strong><\/h3>\n<p><a href=\"https:\/\/www.fmrq.qc.ca\/\"><strong>F\u00e9d\u00e9ration des m\u00e9decins r\u00e9sidents du Qu\u00e9bec<\/strong><\/a> (FMRQ), since 1993<\/p>\n<p><a href=\"https:\/\/www.fmeq.ca\/en\/\"><strong>F\u00e9d\u00e9ration m\u00e9dicale \u00e9tudiante du Qu\u00e9bec<\/strong><\/a> (FMEQ), since 2004<\/p>\n<p><a href=\"https:\/\/www.medecinsfrancophones.ca\/\"><strong>M\u00e9decins francophones du Canada<\/strong><\/a> (MFC), since 2006<\/p>\n<p><a href=\"https:\/\/www.fprofessionnels.com\/en\/about\/our-shareholders-partners\/ajnq\/\"><strong>Association des jeunes notaires du Qu\u00e9bec<\/strong><\/a> (AJNQ), since 2021<\/p>\n<h3><strong>Affiliate company<\/strong><\/h3>\n<p><a href=\"https:\/\/www.fprofessionnels.com\/en\/\"><img loading=\"lazy\" decoding=\"async\" class=\"alignnone size-full wp-image-443\" src=\"\/wp-content\/uploads\/LogoFR_151_94.png\" alt=\"Financi\u00e8re des professionnels\" width=\"151\" height=\"94\" \/><\/a><\/p>\n<p><strong>Financi\u00e8re des professionnels<\/strong><\/p>\n<p>Affiliated company of Sogemec Assurances and a subsidiary of the FMSQ, FDP has developed a variety of wealth management products and services that are fully adapted to your profession and your stage of life. Targeted on your objectives, their personalized support allows you to benefit from the experience and know-how of its specialists. To learn more and get in touch, visit their <a href=\"https:\/\/www.fprofessionnels.com\/en\/\">website. <\/a><\/p>\n<\/div>\n","protected":false},"excerpt":{"rendered":"","protected":false},"author":1,"featured_media":0,"parent":0,"menu_order":0,"comment_status":"closed","ping_status":"closed","template":"","meta":{"_acf_changed":false,"footnotes":""},"acf":[],"yoast_head":"<!-- This site is optimized with the Yoast SEO plugin v22.5 - https:\/\/yoast.com\/wordpress\/plugins\/seo\/ -->\n<title>Partners - Sogemec Assurances<\/title>\n<meta name=\"robots\" content=\"noindex, follow, max-snippet:-1, max-image-preview:large, max-video-preview:-1\" \/>\n<meta property=\"og:locale\" content=\"en_US\" \/>\n<meta property=\"og:type\" content=\"article\" \/>\n<meta property=\"og:title\" content=\"Partners - Sogemec Assurances\" \/>\n<meta property=\"og:url\" content=\"https:\/\/dev.sogemec.com\/en\/partners\/\" \/>\n<meta property=\"og:site_name\" content=\"Sogemec Assurances\" \/>\n<meta property=\"article:modified_time\" content=\"2022-08-28T16:04:00+00:00\" \/>\n<meta name=\"twitter:card\" content=\"summary_large_image\" \/>\n<script type=\"application\/ld+json\" class=\"yoast-schema-graph\">{\"@context\":\"https:\/\/schema.org\",\"@graph\":[{\"@type\":\"WebPage\",\"@id\":\"https:\/\/dev.sogemec.com\/en\/partners\/\",\"url\":\"https:\/\/dev.sogemec.com\/en\/partners\/\",\"name\":\"Partners - Sogemec Assurances\",\"isPartOf\":{\"@id\":\"https:\/\/dev.sogemec.com\/en\/#website\"},\"datePublished\":\"2022-07-01T03:01:56+00:00\",\"dateModified\":\"2022-08-28T16:04:00+00:00\",\"breadcrumb\":{\"@id\":\"https:\/\/dev.sogemec.com\/en\/partners\/#breadcrumb\"},\"inLanguage\":\"en-US\",\"potentialAction\":[{\"@type\":\"ReadAction\",\"target\":[\"https:\/\/dev.sogemec.com\/en\/partners\/\"]}]},{\"@type\":\"BreadcrumbList\",\"@id\":\"https:\/\/dev.sogemec.com\/en\/partners\/#breadcrumb\",\"itemListElement\":[{\"@type\":\"ListItem\",\"position\":1,\"name\":\"Accueil\",\"item\":\"https:\/\/dev.sogemec.com\/en\/\"},{\"@type\":\"ListItem\",\"position\":2,\"name\":\"Partners\"}]},{\"@type\":\"WebSite\",\"@id\":\"https:\/\/dev.sogemec.com\/en\/#website\",\"url\":\"https:\/\/dev.sogemec.com\/en\/\",\"name\":\"Sogemec Assurances\",\"description\":\"Assurances\",\"potentialAction\":[{\"@type\":\"SearchAction\",\"target\":{\"@type\":\"EntryPoint\",\"urlTemplate\":\"https:\/\/dev.sogemec.com\/en\/?s={search_term_string}\"},\"query-input\":\"required name=search_term_string\"}],\"inLanguage\":\"en-US\"}]}<\/script>\n<!-- \/ Yoast SEO plugin. -->","yoast_head_json":{"title":"Partners - Sogemec Assurances","robots":{"index":"noindex","follow":"follow","max-snippet":"max-snippet:-1","max-image-preview":"max-image-preview:large","max-video-preview":"max-video-preview:-1"},"og_locale":"en_US","og_type":"article","og_title":"Partners - Sogemec Assurances","og_url":"https:\/\/dev.sogemec.com\/en\/partners\/","og_site_name":"Sogemec Assurances","article_modified_time":"2022-08-28T16:04:00+00:00","twitter_card":"summary_large_image","schema":{"@context":"https:\/\/schema.org","@graph":[{"@type":"WebPage","@id":"https:\/\/dev.sogemec.com\/en\/partners\/","url":"https:\/\/dev.sogemec.com\/en\/partners\/","name":"Partners - Sogemec Assurances","isPartOf":{"@id":"https:\/\/dev.sogemec.com\/en\/#website"},"datePublished":"2022-07-01T03:01:56+00:00","dateModified":"2022-08-28T16:04:00+00:00","breadcrumb":{"@id":"https:\/\/dev.sogemec.com\/en\/partners\/#breadcrumb"},"inLanguage":"en-US","potentialAction":[{"@type":"ReadAction","target":["https:\/\/dev.sogemec.com\/en\/partners\/"]}]},{"@type":"BreadcrumbList","@id":"https:\/\/dev.sogemec.com\/en\/partners\/#breadcrumb","itemListElement":[{"@type":"ListItem","position":1,"name":"Accueil","item":"https:\/\/dev.sogemec.com\/en\/"},{"@type":"ListItem","position":2,"name":"Partners"}]},{"@type":"WebSite","@id":"https:\/\/dev.sogemec.com\/en\/#website","url":"https:\/\/dev.sogemec.com\/en\/","name":"Sogemec Assurances","description":"Assurances","potentialAction":[{"@type":"SearchAction","target":{"@type":"EntryPoint","urlTemplate":"https:\/\/dev.sogemec.com\/en\/?s={search_term_string}"},"query-input":"required name=search_term_string"}],"inLanguage":"en-US"}]}},"_links":{"self":[{"href":"https:\/\/dev.sogemec.com\/en\/wp-json\/wp\/v2\/pages\/1016"}],"collection":[{"href":"https:\/\/dev.sogemec.com\/en\/wp-json\/wp\/v2\/pages"}],"about":[{"href":"https:\/\/dev.sogemec.com\/en\/wp-json\/wp\/v2\/types\/page"}],"author":[{"embeddable":true,"href":"https:\/\/dev.sogemec.com\/en\/wp-json\/wp\/v2\/users\/1"}],"replies":[{"embeddable":true,"href":"https:\/\/dev.sogemec.com\/en\/wp-json\/wp\/v2\/comments?post=1016"}],"version-history":[{"count":2,"href":"https:\/\/dev.sogemec.com\/en\/wp-json\/wp\/v2\/pages\/1016\/revisions"}],"predecessor-version":[{"id":1417,"href":"https:\/\/dev.sogemec.com\/en\/wp-json\/wp\/v2\/pages\/1016\/revisions\/1417"}],"wp:attachment":[{"href":"https:\/\/dev.sogemec.com\/en\/wp-json\/wp\/v2\/media?parent=1016"}],"curies":[{"name":"wp","href":"https:\/\/api.w.org\/{rel}","templated":true}]}}