{"id":17,"date":"2022-05-25T03:18:50","date_gmt":"2022-05-25T07:18:50","guid":{"rendered":"https:\/\/sogemec.impulsionmedia.com\/?page_id=17"},"modified":"2023-08-29T21:08:34","modified_gmt":"2023-08-30T01:08:34","slug":"sogemec-assurances","status":"publish","type":"page","link":"https:\/\/dev.sogemec.com\/en\/","title":{"rendered":"Sogemec Assurances"},"content":{"rendered":"<h2>The assurance of great expertise<\/h2>\n<p>THE benchmark in professional insurance and financial services, Sogemec Assurances is a consultant and partner serving the largest associations since 1978. A subsidiary of the F\u00e9d\u00e9ration des m\u00e9decins sp\u00e9cialistes du Qu\u00e9bec (FMSQ) with the Corporation de service des notaires du Qu\u00e9bec as a shareholder, we are one of the largest consulting firms serving more than 12,000 professionals. We are recognized as the only specialized firm devoted to career professionals like you, and we offer all the insurance products and services you\u2019re looking for, including <strong>life, disability, medical and dental care, automobile, home, business<\/strong> and more!<\/p>\n<p>Do you want to protect your assets and properly plan your retirement? Our <strong>financial security<\/strong> advisors can suggest <a href=\"\/en\/wealth-management\/\">investment strategies<\/a> to maximize your savings.<\/p>\n<p><strong>Discover our range of personalized products<\/strong> exclusive to each profession by clicking on your profile to the right.<\/p>\n<p>Do you need professional advice?<br \/>\n<a class=\"btn-bleu-moyen\" href=\"\/en\/advisors\/\">Speak with an advisor<\/a><\/p>\n","protected":false},"excerpt":{"rendered":"<p>The assurance of great expertise THE benchmark in professional insurance and financial services, Sogemec Assurances is a consultant and partner serving the largest associations since 1978. A subsidiary of the F\u00e9d\u00e9ration des m\u00e9decins sp\u00e9cialistes du Qu\u00e9bec (FMSQ) with the Corporation de service des notaires du Qu\u00e9bec as a shareholder, we are one of the largest [&hellip;]<\/p>\n","protected":false},"author":1,"featured_media":0,"parent":0,"menu_order":0,"comment_status":"closed","ping_status":"closed","template":"custom-home.php","meta":{"_acf_changed":false,"footnotes":""},"acf":[],"yoast_head":"<!-- This site is optimized with the Yoast SEO plugin v22.5 - https:\/\/yoast.com\/wordpress\/plugins\/seo\/ -->\n<title>Sogemec Assurances - Insurance for professionnals<\/title>\n<meta name=\"description\" content=\"Consulting force for the largest associations since 1978 and the reference in professional insurance and financial services. Talk to an advisor.\" \/>\n<meta name=\"robots\" content=\"noindex, follow, max-snippet:-1, max-image-preview:large, max-video-preview:-1\" \/>\n<meta property=\"og:locale\" content=\"en_US\" \/>\n<meta property=\"og:type\" content=\"article\" \/>\n<meta property=\"og:title\" content=\"Sogemec Assurances - Insurance for professionnals\" \/>\n<meta property=\"og:description\" content=\"Consulting force for the largest associations since 1978 and the reference in professional insurance and financial services. Talk to an advisor.\" \/>\n<meta property=\"og:url\" content=\"https:\/\/dev.sogemec.com\/en\/\" \/>\n<meta property=\"og:site_name\" content=\"Sogemec Assurances\" \/>\n<meta property=\"article:modified_time\" content=\"2023-08-30T01:08:34+00:00\" \/>\n<meta name=\"twitter:card\" content=\"summary_large_image\" \/>\n<script type=\"application\/ld+json\" class=\"yoast-schema-graph\">{\"@context\":\"https:\/\/schema.org\",\"@graph\":[{\"@type\":\"WebPage\",\"@id\":\"https:\/\/dev.sogemec.com\/en\/\",\"url\":\"https:\/\/dev.sogemec.com\/en\/\",\"name\":\"Sogemec Assurances - Insurance for professionnals\",\"isPartOf\":{\"@id\":\"https:\/\/dev.sogemec.com\/en\/#website\"},\"datePublished\":\"2022-05-25T07:18:50+00:00\",\"dateModified\":\"2023-08-30T01:08:34+00:00\",\"description\":\"Consulting force for the largest associations since 1978 and the reference in professional insurance and financial services. Talk to an advisor.\",\"breadcrumb\":{\"@id\":\"https:\/\/dev.sogemec.com\/en\/#breadcrumb\"},\"inLanguage\":\"en-US\",\"potentialAction\":[{\"@type\":\"ReadAction\",\"target\":[\"https:\/\/dev.sogemec.com\/en\/\"]}]},{\"@type\":\"BreadcrumbList\",\"@id\":\"https:\/\/dev.sogemec.com\/en\/#breadcrumb\",\"itemListElement\":[{\"@type\":\"ListItem\",\"position\":1,\"name\":\"Accueil\",\"item\":\"https:\/\/dev.sogemec.com\/en\/\"},{\"@type\":\"ListItem\",\"position\":2,\"name\":\"Sogemec Assurances\"}]},{\"@type\":\"WebSite\",\"@id\":\"https:\/\/dev.sogemec.com\/en\/#website\",\"url\":\"https:\/\/dev.sogemec.com\/en\/\",\"name\":\"Sogemec Assurances\",\"description\":\"Assurances\",\"potentialAction\":[{\"@type\":\"SearchAction\",\"target\":{\"@type\":\"EntryPoint\",\"urlTemplate\":\"https:\/\/dev.sogemec.com\/en\/?s={search_term_string}\"},\"query-input\":\"required name=search_term_string\"}],\"inLanguage\":\"en-US\"}]}<\/script>\n<!-- \/ Yoast SEO plugin. -->","yoast_head_json":{"title":"Sogemec Assurances - Insurance for professionnals","description":"Consulting force for the largest associations since 1978 and the reference in professional insurance and financial services. Talk to an advisor.","robots":{"index":"noindex","follow":"follow","max-snippet":"max-snippet:-1","max-image-preview":"max-image-preview:large","max-video-preview":"max-video-preview:-1"},"og_locale":"en_US","og_type":"article","og_title":"Sogemec Assurances - Insurance for professionnals","og_description":"Consulting force for the largest associations since 1978 and the reference in professional insurance and financial services. Talk to an advisor.","og_url":"https:\/\/dev.sogemec.com\/en\/","og_site_name":"Sogemec Assurances","article_modified_time":"2023-08-30T01:08:34+00:00","twitter_card":"summary_large_image","schema":{"@context":"https:\/\/schema.org","@graph":[{"@type":"WebPage","@id":"https:\/\/dev.sogemec.com\/en\/","url":"https:\/\/dev.sogemec.com\/en\/","name":"Sogemec Assurances - Insurance for professionnals","isPartOf":{"@id":"https:\/\/dev.sogemec.com\/en\/#website"},"datePublished":"2022-05-25T07:18:50+00:00","dateModified":"2023-08-30T01:08:34+00:00","description":"Consulting force for the largest associations since 1978 and the reference in professional insurance and financial services. Talk to an advisor.","breadcrumb":{"@id":"https:\/\/dev.sogemec.com\/en\/#breadcrumb"},"inLanguage":"en-US","potentialAction":[{"@type":"ReadAction","target":["https:\/\/dev.sogemec.com\/en\/"]}]},{"@type":"BreadcrumbList","@id":"https:\/\/dev.sogemec.com\/en\/#breadcrumb","itemListElement":[{"@type":"ListItem","position":1,"name":"Accueil","item":"https:\/\/dev.sogemec.com\/en\/"},{"@type":"ListItem","position":2,"name":"Sogemec Assurances"}]},{"@type":"WebSite","@id":"https:\/\/dev.sogemec.com\/en\/#website","url":"https:\/\/dev.sogemec.com\/en\/","name":"Sogemec Assurances","description":"Assurances","potentialAction":[{"@type":"SearchAction","target":{"@type":"EntryPoint","urlTemplate":"https:\/\/dev.sogemec.com\/en\/?s={search_term_string}"},"query-input":"required name=search_term_string"}],"inLanguage":"en-US"}]}},"_links":{"self":[{"href":"https:\/\/dev.sogemec.com\/en\/wp-json\/wp\/v2\/pages\/17"}],"collection":[{"href":"https:\/\/dev.sogemec.com\/en\/wp-json\/wp\/v2\/pages"}],"about":[{"href":"https:\/\/dev.sogemec.com\/en\/wp-json\/wp\/v2\/types\/page"}],"author":[{"embeddable":true,"href":"https:\/\/dev.sogemec.com\/en\/wp-json\/wp\/v2\/users\/1"}],"replies":[{"embeddable":true,"href":"https:\/\/dev.sogemec.com\/en\/wp-json\/wp\/v2\/comments?post=17"}],"version-history":[{"count":9,"href":"https:\/\/dev.sogemec.com\/en\/wp-json\/wp\/v2\/pages\/17\/revisions"}],"predecessor-version":[{"id":2710,"href":"https:\/\/dev.sogemec.com\/en\/wp-json\/wp\/v2\/pages\/17\/revisions\/2710"}],"wp:attachment":[{"href":"https:\/\/dev.sogemec.com\/en\/wp-json\/wp\/v2\/media?parent=17"}],"curies":[{"name":"wp","href":"https:\/\/api.w.org\/{rel}","templated":true}]}}